{"id":132,"date":"2021-04-07T11:22:13","date_gmt":"2021-04-07T09:22:13","guid":{"rendered":"https:\/\/2.vandvaerkside.dk\/?page_id=132"},"modified":"2021-04-07T11:27:45","modified_gmt":"2021-04-07T09:27:45","slug":"om-vandvaerket","status":"publish","type":"page","link":"https:\/\/2.vandvaerkside.dk\/index.php\/om-vandvaerket\/","title":{"rendered":"Om Vandv\u00e6rket"},"content":{"rendered":"\t\t<div data-elementor-type=\"wp-page\" data-elementor-id=\"132\" class=\"elementor elementor-132\" data-elementor-post-type=\"page\">\n\t\t\t\t\t\t<section class=\"elementor-section elementor-top-section elementor-element elementor-element-2189e1d elementor-section-content-middle elementor-section-boxed elementor-section-height-default elementor-section-height-default\" data-id=\"2189e1d\" data-element_type=\"section\" data-settings=\"{&quot;background_background&quot;:&quot;classic&quot;}\">\n\t\t\t\t\t\t\t<div class=\"elementor-background-overlay\"><\/div>\n\t\t\t\t\t\t\t<div class=\"elementor-container elementor-column-gap-default\">\n\t\t\t\t\t<div class=\"elementor-column elementor-col-50 elementor-top-column elementor-element elementor-element-33ba2794 elementor-invisible\" data-id=\"33ba2794\" data-element_type=\"column\" data-settings=\"{&quot;animation&quot;:&quot;fadeInUp&quot;}\">\n\t\t\t<div class=\"elementor-widget-wrap elementor-element-populated\">\n\t\t\t\t\t\t<div class=\"elementor-element elementor-element-34bce4ad elementor-widget elementor-widget-heading\" data-id=\"34bce4ad\" data-element_type=\"widget\" data-widget_type=\"heading.default\">\n\t\t\t\t<div class=\"elementor-widget-container\">\n\t\t\t\t\t<h1 class=\"elementor-heading-title elementor-size-default\">Om Vandv\u00e6rket<\/h1>\t\t\t\t<\/div>\n\t\t\t\t<\/div>\n\t\t\t\t\t<\/div>\n\t\t<\/div>\n\t\t\t\t<div class=\"elementor-column elementor-col-50 elementor-top-column elementor-element elementor-element-417459cf\" data-id=\"417459cf\" data-element_type=\"column\">\n\t\t\t<div class=\"elementor-widget-wrap\">\n\t\t\t\t\t\t\t<\/div>\n\t\t<\/div>\n\t\t\t\t\t<\/div>\n\t\t<\/section>\n\t\t\t\t<section class=\"elementor-section elementor-top-section elementor-element elementor-element-27067cc2 elementor-section-boxed elementor-section-height-default elementor-section-height-default\" data-id=\"27067cc2\" data-element_type=\"section\">\n\t\t\t\t\t\t<div class=\"elementor-container elementor-column-gap-default\">\n\t\t\t\t\t<div class=\"elementor-column elementor-col-100 elementor-top-column elementor-element elementor-element-217183aa\" data-id=\"217183aa\" data-element_type=\"column\">\n\t\t\t<div class=\"elementor-widget-wrap elementor-element-populated\">\n\t\t\t\t\t\t<div class=\"elementor-element elementor-element-25598455 elementor-widget elementor-widget-spacer\" data-id=\"25598455\" data-element_type=\"widget\" data-widget_type=\"spacer.default\">\n\t\t\t\t<div class=\"elementor-widget-container\">\n\t\t\t\t\t\t\t<div class=\"elementor-spacer\">\n\t\t\t<div class=\"elementor-spacer-inner\"><\/div>\n\t\t<\/div>\n\t\t\t\t\t\t<\/div>\n\t\t\t\t<\/div>\n\t\t\t\t\t<\/div>\n\t\t<\/div>\n\t\t\t\t\t<\/div>\n\t\t<\/section>\n\t\t\t\t<section class=\"elementor-section elementor-top-section elementor-element elementor-element-839d928 elementor-section-boxed elementor-section-height-default elementor-section-height-default\" data-id=\"839d928\" data-element_type=\"section\">\n\t\t\t\t\t\t<div class=\"elementor-container elementor-column-gap-default\">\n\t\t\t\t\t<div class=\"elementor-column elementor-col-100 elementor-top-column elementor-element elementor-element-3aae4a8\" data-id=\"3aae4a8\" data-element_type=\"column\">\n\t\t\t<div class=\"elementor-widget-wrap elementor-element-populated\">\n\t\t\t\t\t\t<section class=\"elementor-section elementor-inner-section elementor-element elementor-element-ddd1796 elementor-section-boxed elementor-section-height-default elementor-section-height-default\" data-id=\"ddd1796\" data-element_type=\"section\">\n\t\t\t\t\t\t<div class=\"elementor-container elementor-column-gap-default\">\n\t\t\t\t\t<div class=\"elementor-column elementor-col-100 elementor-inner-column elementor-element elementor-element-87a8801 elementor-invisible\" data-id=\"87a8801\" data-element_type=\"column\" data-settings=\"{&quot;background_background&quot;:&quot;classic&quot;,&quot;animation&quot;:&quot;fadeInLeft&quot;}\">\n\t\t\t<div class=\"elementor-widget-wrap elementor-element-populated\">\n\t\t\t\t\t\t<div class=\"elementor-element elementor-element-0b30a4a elementor-widget elementor-widget-heading\" data-id=\"0b30a4a\" data-element_type=\"widget\" data-widget_type=\"heading.default\">\n\t\t\t\t<div class=\"elementor-widget-container\">\n\t\t\t\t\t<h2 class=\"elementor-heading-title elementor-size-default\">Vandv\u00e6rk Dr\u00e5ben<\/h2>\t\t\t\t<\/div>\n\t\t\t\t<\/div>\n\t\t\t\t<div class=\"elementor-element elementor-element-f069dcf elementor-widget elementor-widget-text-editor\" data-id=\"f069dcf\" data-element_type=\"widget\" data-widget_type=\"text-editor.default\">\n\t\t\t\t<div class=\"elementor-widget-container\">\n\t\t\t\t\t\t\t\t\t<p>Lorem ipsum dolor sit amet, consectetur adipiscing elit. Integer accumsan est nisl, porttitor lobortis mi hendrerit eu. Ut interdum velit quis convallis ultricies.<\/p><p>Praesent id iaculis leo, ac ultrices turpis. Donec sit amet erat condimentum, laoreet ante nec, ornare dui. Nunc ullamcorper lobortis facilisis. Ut scelerisque sit amet sapien eu tincidunt. Ut mollis ex ut neque vehicula imperdiet.<\/p><p>Vivamus mi ligula, vulputate vitae lectus vel, bibendum vestibulum tortor. In quis ipsum nec justo sollicitudin dictum. Mauris bibendum dui felis, ut fermentum ligula feugiat ac. Cras ultrices fringilla tempor.<\/p><p>Integer accumsan a leo in molestie. Integer egestas hendrerit sapien, scelerisque vestibulum nisi hendrerit quis. Donec eu placerat quam. Nulla facilisi.<\/p>\t\t\t\t\t\t\t\t<\/div>\n\t\t\t\t<\/div>\n\t\t\t\t\t<\/div>\n\t\t<\/div>\n\t\t\t\t\t<\/div>\n\t\t<\/section>\n\t\t\t\t\t<\/div>\n\t\t<\/div>\n\t\t\t\t\t<\/div>\n\t\t<\/section>\n\t\t\t\t<section class=\"elementor-section elementor-top-section elementor-element elementor-element-5c7031b9 elementor-section-boxed elementor-section-height-default elementor-section-height-default\" data-id=\"5c7031b9\" data-element_type=\"section\">\n\t\t\t\t\t\t<div class=\"elementor-container elementor-column-gap-default\">\n\t\t\t\t\t<div class=\"elementor-column elementor-col-100 elementor-top-column elementor-element elementor-element-bdabdba\" data-id=\"bdabdba\" data-element_type=\"column\">\n\t\t\t<div class=\"elementor-widget-wrap elementor-element-populated\">\n\t\t\t\t\t\t<div class=\"elementor-element elementor-element-5e1e813d elementor-widget elementor-widget-spacer\" data-id=\"5e1e813d\" data-element_type=\"widget\" data-widget_type=\"spacer.default\">\n\t\t\t\t<div class=\"elementor-widget-container\">\n\t\t\t\t\t\t\t<div class=\"elementor-spacer\">\n\t\t\t<div class=\"elementor-spacer-inner\"><\/div>\n\t\t<\/div>\n\t\t\t\t\t\t<\/div>\n\t\t\t\t<\/div>\n\t\t\t\t\t<\/div>\n\t\t<\/div>\n\t\t\t\t\t<\/div>\n\t\t<\/section>\n\t\t\t\t<\/div>\n\t\t","protected":false},"excerpt":{"rendered":"<p>Om Vandv\u00e6rket Vandv\u00e6rk Dr\u00e5ben Lorem ipsum dolor sit amet, consectetur adipiscing elit. Integer accumsan est nisl, porttitor lobortis mi hendrerit eu. Ut interdum velit quis convallis ultricies. Praesent id iaculis leo, ac ultrices turpis. Donec sit amet erat condimentum, laoreet ante nec, ornare dui. Nunc ullamcorper lobortis facilisis. Ut scelerisque sit amet sapien eu tincidunt. [&hellip;]<\/p>\n","protected":false},"author":1,"featured_media":0,"parent":0,"menu_order":2,"comment_status":"closed","ping_status":"closed","template":"","meta":{"footnotes":""},"class_list":["post-132","page","type-page","status-publish","hentry"],"_links":{"self":[{"href":"https:\/\/2.vandvaerkside.dk\/index.php\/wp-json\/wp\/v2\/pages\/132","targetHints":{"allow":["GET"]}}],"collection":[{"href":"https:\/\/2.vandvaerkside.dk\/index.php\/wp-json\/wp\/v2\/pages"}],"about":[{"href":"https:\/\/2.vandvaerkside.dk\/index.php\/wp-json\/wp\/v2\/types\/page"}],"author":[{"embeddable":true,"href":"https:\/\/2.vandvaerkside.dk\/index.php\/wp-json\/wp\/v2\/users\/1"}],"replies":[{"embeddable":true,"href":"https:\/\/2.vandvaerkside.dk\/index.php\/wp-json\/wp\/v2\/comments?post=132"}],"version-history":[{"count":13,"href":"https:\/\/2.vandvaerkside.dk\/index.php\/wp-json\/wp\/v2\/pages\/132\/revisions"}],"predecessor-version":[{"id":148,"href":"https:\/\/2.vandvaerkside.dk\/index.php\/wp-json\/wp\/v2\/pages\/132\/revisions\/148"}],"wp:attachment":[{"href":"https:\/\/2.vandvaerkside.dk\/index.php\/wp-json\/wp\/v2\/media?parent=132"}],"curies":[{"name":"wp","href":"https:\/\/api.w.org\/{rel}","templated":true}]}}